{"id":336,"date":"2025-05-15T13:13:25","date_gmt":"2025-05-15T13:13:25","guid":{"rendered":"https:\/\/sandras-heinzelmaennchen.de\/?page_id=336"},"modified":"2025-07-20T18:46:09","modified_gmt":"2025-07-20T18:46:09","slug":"impressum","status":"publish","type":"page","link":"https:\/\/sandras-heinzelmaennchen.de\/?page_id=336","title":{"rendered":"Impressum"},"content":{"rendered":"\t\t<div data-elementor-type=\"wp-page\" data-elementor-id=\"336\" class=\"elementor elementor-336\" data-elementor-post-type=\"page\">\n\t\t\t\t<div class=\"elementor-element elementor-element-3cc3f60 e-flex e-con-boxed e-con e-parent\" data-id=\"3cc3f60\" data-element_type=\"container\" data-e-type=\"container\">\n\t\t\t\t\t<div class=\"e-con-inner\">\n\t\t\t\t<div class=\"elementor-element elementor-element-71aec17 elementor-widget elementor-widget-spacer\" data-id=\"71aec17\" data-element_type=\"widget\" data-e-type=\"widget\" data-widget_type=\"spacer.default\">\n\t\t\t\t<div class=\"elementor-widget-container\">\n\t\t\t\t\t\t\t<div class=\"elementor-spacer\">\n\t\t\t<div class=\"elementor-spacer-inner\"><\/div>\n\t\t<\/div>\n\t\t\t\t\t\t<\/div>\n\t\t\t\t<\/div>\n\t\t\t\t\t<\/div>\n\t\t\t\t<\/div>\n\t\t<div class=\"elementor-element elementor-element-65bf3fb e-flex e-con-boxed e-con e-parent\" data-id=\"65bf3fb\" data-element_type=\"container\" data-e-type=\"container\">\n\t\t\t\t\t<div class=\"e-con-inner\">\n\t\t\t\t<div class=\"elementor-element elementor-element-e892f48 elementor-widget elementor-widget-text-editor\" data-id=\"e892f48\" data-element_type=\"widget\" data-e-type=\"widget\" data-widget_type=\"text-editor.default\">\n\t\t\t\t<div class=\"elementor-widget-container\">\n\t\t\t\t\t\t\t\t\t<div id=\"generator_results\"><div id=\"generator_results_content\"><h2 class=\"HeadingLeft\">Anbieter<\/h2><p class=\"Body\">Sandras-Heinzelmaennchen<\/p><p class=\"Body\"><span class=\"multiline\">R\u00fcnther Str. 53<br \/>59192 Bergkamen<\/span><\/p><p class=\"Body\">Vertreten durch:<\/p><p class=\"Body\">Sandra Rutkowski<\/p><h2 class=\"HeadingLeft\">Kontakt<\/h2><p class=\"Body\">E-Mail: buero@sandras-heinzelmaennchen.de<\/p><p class=\"Body\">Telefon: 02389 96 12 899<\/p><h2 class=\"HeadingLeft\"><br \/>Haftungsausschluss<\/h2><p class=\"Body\">Wir sind f\u00fcr die Inhalte unserer Internetseiten nach den Ma\u00dfgaben der allgemeinen Gesetzen verantwortlich. Alle Inhalte werden mit der gebotenen Sorgfalt und nach bestem Wissen erstellt. Soweit wir auf unseren Internetseiten mittels Hyperlink auf Internetseiten Dritter verweisen, k\u00f6nnen wir keine Gew\u00e4hr f\u00fcr die fortw\u00e4hrende Aktualit\u00e4t, Richtigkeit und Vollst\u00e4ndigkeit der verlinkten Inhalte \u00fcbernehmen, da diese Inhalte au\u00dferhalb unseres Verantwortungsbereichs liegen und wir auf die zuk\u00fcnftige Gestaltung keinen Einfluss haben. Sollten aus Ihrer Sicht Inhalte gegen geltendes Recht versto\u00dfen oder unangemessen sein, teilen Sie uns dies bitte mit.<\/p><p class=\"Body\">Die rechtlichen Hinweise auf dieser Seite sowie alle Fragen und Streitigkeiten im Zusammenhang mit der Gestaltung dieser Internetseite unterliegen dem Recht der Bundesrepublik Deutschland.<\/p><h2 class=\"HeadingLeft\">Datenschutzhinweis<\/h2><p class=\"Body\">Unsere Datenschutzerkl\u00e4rung finden Sie unter: <a href=\"https:\/\/sandras-heinzelmaennchen.de\/?page_id=341\">https:\/\/www.sandras-heinzelmaennchen.de\/datenschutzerkl\u00e4rung<\/a><\/p><h2 class=\"HeadingLeft\">Urheberrechtshinweis<\/h2><p class=\"Body\">Die auf unserer Internetseite vorhandenen Texte, Bilder, Fotos, Videos oder Grafiken unterliegen in der Regel dem Schutz des Urheberrechts. Jede unberechtigte Verwendung (insbesondere die Vervielf\u00e4ltigung, Bearbeitung oder Verbreitung) dieser urheberrechtsgesch\u00fctzten Inhalte ist daher untersagt. Wenn Sie beabsichtigen, diese Inhalte oder Teile davon zu verwenden, kontaktieren Sie uns bitte im Voraus unter den oben stehenden Angaben. Soweit wir nicht selbst Inhaber der ben\u00f6tigten urheberrechtlichen Nutzungsrechte sein sollten, bem\u00fchen wir uns, einen Kontakt zum Berechtigten zu vermitteln.<\/p><h2 class=\"HeadingLeft\">Social-Media-Profile<\/h2><p class=\"Body\">Dieses Impressum gilt auch f\u00fcr folgende Social-Media-Profile:<\/p><p class=\"Body\">Instagram:\u00a0<a href=\"https:\/\/www.instagram.com\/sandras.heinzelmaennchen\/\">https:\/\/www.instagram.com\/sandras.heinzelmaennchen<\/a><\/p><p class=\"Body\">Facebook:\u00a0<a href=\"https:\/\/www.facebook.com\/sandrasheinzelmannchen\">https:\/\/www.facebook.com\/sandrasheinzelmannchen<\/a><\/p><\/div><\/div>\t\t\t\t\t\t\t\t<\/div>\n\t\t\t\t<\/div>\n\t\t\t\t\t<\/div>\n\t\t\t\t<\/div>\n\t\t\t\t<\/div>\n\t\t","protected":false},"excerpt":{"rendered":"<p>Anbieter Sandras-Heinzelmaennchen R\u00fcnther Str. 5359192 Bergkamen Vertreten durch: Sandra Rutkowski Kontakt E-Mail: buero@sandras-heinzelmaennchen.de Telefon: 02389 96 12 899 Haftungsausschluss Wir sind f\u00fcr die Inhalte unserer Internetseiten nach den Ma\u00dfgaben der allgemeinen Gesetzen verantwortlich. Alle Inhalte werden mit der gebotenen Sorgfalt und nach bestem Wissen erstellt. Soweit wir auf unseren Internetseiten mittels Hyperlink auf Internetseiten Dritter [&hellip;]<\/p>\n","protected":false},"author":1,"featured_media":0,"parent":0,"menu_order":0,"comment_status":"closed","ping_status":"closed","template":"elementor_header_footer","meta":{"footnotes":""},"class_list":["post-336","page","type-page","status-publish","hentry"],"_links":{"self":[{"href":"https:\/\/sandras-heinzelmaennchen.de\/index.php?rest_route=\/wp\/v2\/pages\/336","targetHints":{"allow":["GET"]}}],"collection":[{"href":"https:\/\/sandras-heinzelmaennchen.de\/index.php?rest_route=\/wp\/v2\/pages"}],"about":[{"href":"https:\/\/sandras-heinzelmaennchen.de\/index.php?rest_route=\/wp\/v2\/types\/page"}],"author":[{"embeddable":true,"href":"https:\/\/sandras-heinzelmaennchen.de\/index.php?rest_route=\/wp\/v2\/users\/1"}],"replies":[{"embeddable":true,"href":"https:\/\/sandras-heinzelmaennchen.de\/index.php?rest_route=%2Fwp%2Fv2%2Fcomments&post=336"}],"version-history":[{"count":3,"href":"https:\/\/sandras-heinzelmaennchen.de\/index.php?rest_route=\/wp\/v2\/pages\/336\/revisions"}],"predecessor-version":[{"id":1002,"href":"https:\/\/sandras-heinzelmaennchen.de\/index.php?rest_route=\/wp\/v2\/pages\/336\/revisions\/1002"}],"wp:attachment":[{"href":"https:\/\/sandras-heinzelmaennchen.de\/index.php?rest_route=%2Fwp%2Fv2%2Fmedia&parent=336"}],"curies":[{"name":"wp","href":"https:\/\/api.w.org\/{rel}","templated":true}]}}